{"id":67,"date":"2024-09-19T13:30:12","date_gmt":"2024-09-19T11:30:12","guid":{"rendered":"https:\/\/www.arsippelberg.be\/?page_id=67"},"modified":"2024-09-19T13:31:18","modified_gmt":"2024-09-19T11:31:18","slug":"informations","status":"publish","type":"page","link":"https:\/\/www.arsippelberg.be\/index.php\/informations\/","title":{"rendered":"Inscription"},"content":{"rendered":"\n<h2 class=\"wp-block-heading has-text-align-center\">Inscription en 1\u00e8re ann\u00e9e<\/h2>\n\n\n\n<h3 class=\"wp-block-heading has-text-align-center\">S\u00e9ance d&rsquo;information<\/h3>\n\n\n\n<p>Chers Parents,<\/p>\n\n\n\n<p>Dans quelques mois, votre enfant d\u00e9marrera une nouvelle aventure&nbsp;: ses \u00e9tudes secondaires.<\/p>\n\n\n\n<p>Pour un \u00e9l\u00e8ve terminant ses primaires, la perspective des \u00e9tudes dans le secondaire est parfois source d\u2019une certaine angoisse, et certainement toujours de curiosit\u00e9.<\/p>\n\n\n\n<p>Une s\u00e9ance d\u2019information relative \u00e0 l\u2019\u00e9tablissement scolaire et aux activit\u00e9s pr\u00e9vues pour l\u2019ann\u00e9e scolaire 2021-2022 vous sera propos\u00e9e.<\/p>\n\n\n\n<p>L\u2019\u00e9quipe \u00e9ducative sera pr\u00e9sente. Elle r\u00e9pondra \u00e0 vos questions et vous permettra ainsi de faire un choix \u00e9clair\u00e9, pour que votre enfant entame ses \u00e9tudes secondaires avec assurance et enthousiasme.<\/p>\n\n\n\n<p>H.Ouassari<\/p>\n\n\n\n<p><\/p>\n\n\n\n<p>\u00c0 partir du&nbsp;<strong>14\/02\/2022&nbsp;<\/strong>au&nbsp;<strong>11\/03\/2022&nbsp;<\/strong>entre 9h00 et 13h00. Sur rendez-vous uniquement.<\/p>\n\n\n\n<p>La pr\u00e9sence du responsable l\u00e9gal de l\u2019\u00e9l\u00e8ve mineur est obligatoire.<\/p>\n\n\n\n<h3 class=\"wp-block-heading has-text-align-center\">A apporter lors de l\u2019inscription:<\/h3>\n\n\n\n<p>\u2022 La pi\u00e8ce d\u2019identit\u00e9 de l\u2019\u00e9l\u00e8ve et du responsable l\u00e9gal<\/p>\n\n\n\n<p>\u2022 Le formulaire unique d\u2019inscription (re\u00e7u de l\u2019\u00e9cole primaire)<\/p>\n\n\n\n<p class=\"has-text-align-center\">L\u2019inscription n\u2019est d\u00e9finitive qu\u2019\u00e0 la cl\u00f4ture du dossier<\/p>\n\n\n\n<p class=\"has-text-align-center\">SI VOUS D\u00c9SIREZ DE PLUS AMPLES INFORMATIONS SUR LES INSCRIPTIONS EN 1\u00c8RE ANN\u00c9E COMMUNE, RENDEZ-VOUS \u00c0 L\u2019ADRESSE SUIVANTE :&nbsp;<a href=\"https:\/\/web.archive.org\/web\/20240519224502\/http:\/\/www.inscription.cfwb.be\/\" target=\"_blank\" rel=\"noreferrer noopener\">HTTP:\/\/WWW.INSCRIPTION.CFWB.BE<\/a><\/p>\n\n\n\n<p><\/p>\n","protected":false},"excerpt":{"rendered":"<p>Inscription en 1\u00e8re ann\u00e9e S\u00e9ance d&rsquo;information Chers Parents, Dans quelques mois, votre enfant d\u00e9marrera une nouvelle aventure&nbsp;: ses \u00e9tudes secondaires. Pour un \u00e9l\u00e8ve terminant ses primaires, la perspective des \u00e9tudes dans le secondaire est parfois source d\u2019une certaine angoisse, et certainement toujours de curiosit\u00e9. Une s\u00e9ance d\u2019information relative \u00e0 l\u2019\u00e9tablissement scolaire et aux activit\u00e9s pr\u00e9vues &#8230; <a title=\"Inscription\" class=\"read-more\" href=\"https:\/\/www.arsippelberg.be\/index.php\/informations\/\" aria-label=\"En savoir plus sur Inscription\">Lire la suite<\/a><\/p>\n","protected":false},"author":1,"featured_media":0,"parent":0,"menu_order":0,"comment_status":"closed","ping_status":"closed","template":"","meta":{"footnotes":""},"class_list":["post-67","page","type-page","status-publish"],"_links":{"self":[{"href":"https:\/\/www.arsippelberg.be\/index.php\/wp-json\/wp\/v2\/pages\/67","targetHints":{"allow":["GET"]}}],"collection":[{"href":"https:\/\/www.arsippelberg.be\/index.php\/wp-json\/wp\/v2\/pages"}],"about":[{"href":"https:\/\/www.arsippelberg.be\/index.php\/wp-json\/wp\/v2\/types\/page"}],"author":[{"embeddable":true,"href":"https:\/\/www.arsippelberg.be\/index.php\/wp-json\/wp\/v2\/users\/1"}],"replies":[{"embeddable":true,"href":"https:\/\/www.arsippelberg.be\/index.php\/wp-json\/wp\/v2\/comments?post=67"}],"version-history":[{"count":2,"href":"https:\/\/www.arsippelberg.be\/index.php\/wp-json\/wp\/v2\/pages\/67\/revisions"}],"predecessor-version":[{"id":72,"href":"https:\/\/www.arsippelberg.be\/index.php\/wp-json\/wp\/v2\/pages\/67\/revisions\/72"}],"wp:attachment":[{"href":"https:\/\/www.arsippelberg.be\/index.php\/wp-json\/wp\/v2\/media?parent=67"}],"curies":[{"name":"wp","href":"https:\/\/api.w.org\/{rel}","templated":true}]}}