{"id":18,"date":"2024-09-19T10:19:14","date_gmt":"2024-09-19T08:19:14","guid":{"rendered":"https:\/\/www.arsippelberg.be\/?page_id=18"},"modified":"2025-05-19T03:07:02","modified_gmt":"2025-05-19T01:07:02","slug":"contact","status":"publish","type":"page","link":"https:\/\/www.arsippelberg.be\/index.php\/contact\/","title":{"rendered":"CONTACT"},"content":{"rendered":"\n<div class=\"wp-block-columns is-layout-flex wp-container-core-columns-is-layout-9d6595d7 wp-block-columns-is-layout-flex\">\n<div class=\"wp-block-column is-layout-flow wp-block-column-is-layout-flow\"><\/div>\n\n\n\n<div class=\"wp-block-column is-layout-flow wp-block-column-is-layout-flow\">\n<h3 class=\"wp-block-heading\"><strong>ATHENEE ROYAL DU SIPPELBERG<\/strong><br><br><strong>IMPLANTATION SIPPELBERG<\/strong><\/h3>\n\n\n\n<p>Avenue du Sippelberg 2, 1080 BRUXELLES<\/p>\n\n\n\n<p>T\u00e9l\u00e9phone:&nbsp;<strong>02-414 35 75<\/strong>&nbsp;<\/p>\n\n\n\n<p>Mail: info@arsippelberg.be<\/p>\n\n\n\n<p><\/p>\n\n\n\n<h3 class=\"wp-block-heading\"><strong>IMPLANTATION GAND<\/strong><\/h3>\n\n\n\n<p>Chauss\u00e9e de Gand 49, 1080 BRUXELLES<\/p>\n\n\n\n<p>T\u00e9l\u00e9phone:&nbsp;<strong>02-897 87 60<\/strong><\/p>\n\n\n\n<p>Mail: info@arsippelberg.be<\/p>\n<\/div>\n<\/div>\n\n\n\n<div class=\"wp-block-columns is-layout-flex wp-container-core-columns-is-layout-9d6595d7 wp-block-columns-is-layout-flex\">\n<div class=\"wp-block-column is-layout-flow wp-block-column-is-layout-flow\">\n<iframe src=\"https:\/\/www.google.com\/maps\/embed?pb=!1m18!1m12!1m3!1d696.1129050425898!2d4.322877678940529!3d50.858595739305315!2m3!1f0!2f0!3f0!3m2!1i1024!2i768!4f13.1!3m3!1m2!1s0x47c3c3f0108102b5%3A0x279cd58eae0187ba!2sAv.%20du%20Sippelberg%202%2C%201080%20Molenbeek-Saint-Jean!5e1!3m2!1sfr!2sbe!4v1726741968682!5m2!1sfr!2sbe\" width=\"600\" height=\"450\" style=\"border:0;\" allowfullscreen=\"\" loading=\"lazy\" referrerpolicy=\"no-referrer-when-downgrade\"><\/iframe>\n<\/div>\n\n\n\n<div class=\"wp-block-column is-layout-flow wp-block-column-is-layout-flow\">\n<iframe src=\"https:\/\/www.google.com\/maps\/embed?pb=!1m18!1m12!1m3!1d827.9094230972686!2d4.337078874389725!3d50.853694597382635!2m3!1f0!2f0!3f0!3m2!1i1024!2i768!4f13.1!3m3!1m2!1s0x47c3c38b8798d3b9%3A0x499ed1559c39fd44!2sChau.%20de%20Gand%2049%2C%201080%20Molenbeek-Saint-Jean!5e1!3m2!1sfr!2sbe!4v1726741704134!5m2!1sfr!2sbe\" width=\"600\" height=\"450\" style=\"border:0;\" allowfullscreen=\"\" loading=\"lazy\" referrerpolicy=\"no-referrer-when-downgrade\"><\/iframe>\n<\/div>\n<\/div>\n\n\n\n<p><\/p>\n","protected":false},"excerpt":{"rendered":"<p>ATHENEE ROYAL DU SIPPELBERG IMPLANTATION SIPPELBERG Avenue du Sippelberg 2, 1080 BRUXELLES T\u00e9l\u00e9phone:&nbsp;02-414 35 75&nbsp; Mail: info@arsippelberg.be IMPLANTATION GAND Chauss\u00e9e de Gand 49, 1080 BRUXELLES T\u00e9l\u00e9phone:&nbsp;02-897 87 60 Mail: info@arsippelberg.be<\/p>\n","protected":false},"author":1,"featured_media":0,"parent":0,"menu_order":0,"comment_status":"closed","ping_status":"closed","template":"","meta":{"footnotes":""},"class_list":["post-18","page","type-page","status-publish"],"_links":{"self":[{"href":"https:\/\/www.arsippelberg.be\/index.php\/wp-json\/wp\/v2\/pages\/18","targetHints":{"allow":["GET"]}}],"collection":[{"href":"https:\/\/www.arsippelberg.be\/index.php\/wp-json\/wp\/v2\/pages"}],"about":[{"href":"https:\/\/www.arsippelberg.be\/index.php\/wp-json\/wp\/v2\/types\/page"}],"author":[{"embeddable":true,"href":"https:\/\/www.arsippelberg.be\/index.php\/wp-json\/wp\/v2\/users\/1"}],"replies":[{"embeddable":true,"href":"https:\/\/www.arsippelberg.be\/index.php\/wp-json\/wp\/v2\/comments?post=18"}],"version-history":[{"count":12,"href":"https:\/\/www.arsippelberg.be\/index.php\/wp-json\/wp\/v2\/pages\/18\/revisions"}],"predecessor-version":[{"id":131,"href":"https:\/\/www.arsippelberg.be\/index.php\/wp-json\/wp\/v2\/pages\/18\/revisions\/131"}],"wp:attachment":[{"href":"https:\/\/www.arsippelberg.be\/index.php\/wp-json\/wp\/v2\/media?parent=18"}],"curies":[{"name":"wp","href":"https:\/\/api.w.org\/{rel}","templated":true}]}}